{"id":4008,"date":"2020-06-16T11:49:39","date_gmt":"2020-06-16T09:49:39","guid":{"rendered":"https:\/\/cjb-racing.de\/?page_id=4008"},"modified":"2023-10-02T15:16:08","modified_gmt":"2023-10-02T13:16:08","slug":"series","status":"publish","type":"page","link":"https:\/\/cjb-racing.de\/en\/series\/","title":{"rendered":"SERIES"},"content":{"rendered":"<p>[vc_row row_content_width=&#8221;grid&#8221; disable_background_image=&#8221;1024&#8243; vertical_lines=&#8221;yes&#8221; animated_text_position=&#8221;right&#8221; disable_animated_text=&#8221;&#8221; animated_text=&#8221;racing&#8221; animated_text_color=&#8221;#f5f5f5&#8243; css=&#8221;.vc_custom_1592118610608{padding-top: 130px !important;padding-bottom: 125px !important;}&#8221;][vc_column css=&#8221;.vc_custom_1569240237669{padding-top: 0px !important;padding-bottom: 5px !important;}&#8221;][vc_row_inner row_content_width=&#8221;grid&#8221;][vc_column_inner width=&#8221;1\/2&#8243; css=&#8221;.vc_custom_1567499344778{padding-top: 0px !important;padding-bottom: 0px !important;}&#8221;][vc_column_text]<\/p>\n<h2>&nbsp;ADAC KART MASTERS<\/h2>\n<p><img loading=\"lazy\" decoding=\"async\" class=\"alignnone size-full wp-image-3006\" src=\"https:\/\/cjb-racing.de\/wp-content\/uploads\/2020\/06\/ADAC-Logo-kart-masters-300x151-1.png\" alt=\"\" width=\"300\" height=\"151\"><\/p>\n<p>Der ADAC e.V. schreibt seit 2008 als h\u00f6chstes Pr\u00e4dikat im lizenzpflichtigen ADAC Kartsport das ADAC Kart Masters aus, das bundesweit bei f\u00fcnf Veranstaltungen auf den deutschen Top-Kartbahnen ausgetragen wird. Das ADAC Kart Masters ist seit Jahren die teilnehmerst\u00e4rkste Kartserie in Deutschland, aktuell sind die Klassen Bambini, OK, OK-Junior, X30 Senior, X30 Junior und KZ2 ausgeschrieben.<\/p>\n<p>Ein erfahrenes Organisationsteam sowie permanente Sportwarte und eine professionelle Zeitnahme begleiten alle Veranstaltungen. Zur Sicherstellung der Chancengleichheit finden zahlreiche technische Kontrollen statt, zudem sind Einheitsreifen und Einheitsbenzin f\u00fcr alle Klassen vorgeschrieben. Ebenso besteht am Mittwoch und Donnerstag vor der Veranstaltung ein Testverbot f\u00fcr alle Teilnehmer. Unterst\u00fctzer und Fans k\u00f6nnen die aktuellen Platzierungen der jeweiligen Rennen im Live-Timing verfolgen.<\/p>\n<p>Nach Colins Teilnahme an der Nachwuchsserie ADAC Kart Academy ist sein Start im ADAC Kart Masters der logische n\u00e4chste Schritt in seiner Karriereplanung.<\/p>\n<p>In der Saison 2019 wird Colin dann in der Klasse der OK-Senioren f\u00fcr das TB Racing Team im Rahmen der f\u00fcnf Veranstaltungen an den Start gehen.<\/p>\n<p>Alle Informationen zur Serie gibt es unter&nbsp;<a href=\"https:\/\/www.adac-motorsport.de\/adac-kart-masters\/\">www.adac-motorsport.de<\/a>[\/vc_column_text][\/vc_column_inner][vc_column_inner width=&#8221;1\/2&#8243;][vc_column_text]<\/p>\n<h2>INTERNATIONALE DEUTSCHE KART MEISTERSCHAFT (DKM)<\/h2>\n<p><img loading=\"lazy\" decoding=\"async\" class=\"alignnone size-medium wp-image-3926\" src=\"https:\/\/cjb-racing.de\/wp-content\/uploads\/2020\/06\/DKM_Logo-300x104.png\" alt=\"\" width=\"300\" height=\"104\" srcset=\"https:\/\/cjb-racing.de\/wp-content\/uploads\/2020\/06\/DKM_Logo-300x104.png 300w, https:\/\/cjb-racing.de\/wp-content\/uploads\/2020\/06\/DKM_Logo-768x267.png 768w, https:\/\/cjb-racing.de\/wp-content\/uploads\/2020\/06\/DKM_Logo.png 1024w\" sizes=\"auto, (max-width: 300px) 100vw, 300px\" \/><\/p>\n<p>Die international ausgeschriebene Deutsche Kart Meisterschaft (DKM) ist nicht nur das h\u00f6chste Kartsportpr\u00e4dikat Deutschlands, sondern gilt auch als die Champions-League des Kartsports. Internationalit\u00e4t wird dabei gro\u00dfgeschrieben, seit Mitte der 90er Jahre ist das Starterfeld stets mit den gr\u00f6\u00dften Stars der Szene, den Welt- und Europameistern und den weltbesten Talenten gef\u00fcllt und macht die DKM zu einer der st\u00e4rksten und erfolgreichsten Kartrennserien der Welt.<\/p>\n<p>Daher gilt die DKM als das Sprungbrett f\u00fcr neue Motorsporttalente, was sich in den zur\u00fcckliegenden Jahren immer wieder bewahrheitet hat. Die ber\u00fchmtesten Beispiele sind Formel-1-Rekordweltmeister Michael Schumacher, der viermalige Champion Sebastian Vettel, die Formel-1-Piloten Ralf Schumacher, Nico H\u00fclkenberg,&nbsp; Timo Glock oder Robert Kubica. Sie alle feierten hier ihre ersten gro\u00dfen Siege.<\/p>\n<p>Die DKM wird in insgesamt f\u00fcnf unterschiedlichen Pr\u00e4dikaten ausgefahren: In der Deutschen Junioren Kart Meisterschaft (DJKM) starten die j\u00fcngsten Piloten im Alter von 13 bis 15 Jahren, darauf folgen die Senioren, die um den Titel bei der Deutschen Kart Meisterschaft k\u00e4mpfen. Die Schaltkart-Piloten treten in der DSKM oder dem DMSB Schaltkart Cup (DSKC) an. Neu im Jahr 2018 ist die Ausrichtung der DEKM, der Deutschen Elektro Kart Meisterschaft, welche weltweit die erste Kartrennserie mit dieser Antriebsart ist.<\/p>\n<p>Zum gro\u00dfen Erfolg der Serie tr\u00e4gt auch die fast 20-st\u00fcndige Live-Berichterstattung der Rennen mit vielen Interviews und Hintergrundberichten bei, die meist von nahezu 100.000 Zuschauern verfolgt wird. Dar\u00fcber hinaus strahlt der TV-Sender Motorvision TV eine 45-min\u00fctige Zusammenfassung des Rennwochenendes aus.<\/p>\n<p>Colin startet bei allen f\u00fcnf Rennwochenenden im Rahmen der DJKM.<\/p>\n<p>Den Live-Stream und die aktuellen News findet man unter:&nbsp;<a href=\"http:\/\/www.kart-dm.de\/\">www.kart-dm.de.<\/a>[\/vc_column_text][\/vc_column_inner][\/vc_row_inner][\/vc_column][\/vc_row][vc_row row_content_width=&#8221;grid&#8221; disable_background_image=&#8221;&#8221; simple_background_color=&#8221;#ffffff&#8221;][vc_column css=&#8221;.vc_custom_1569240665386{padding-top: 100px !important;padding-right: 0px !important;padding-bottom: 100px !important;padding-left: 0px !important;}&#8221;]<div class=\"mkdf-clients-grid-holder mkdf-grid-list mkdf-disable-bottom-space mkdf-five-columns mkdf-small-space  mkdf-cc-hover-roll-over\">\n\t<div class=\"mkdf-cg-inner mkdf-outer-space\">\n\t\t<div class=\"mkdf-cc-item mkdf-item-space mkdf-cci-has-link\">\n\t\t\t<a itemprop=\"url\" class=\"mkdf-cc-link mkdf-block-drag-link\" href=\"https:\/\/www.fire-token.com\/\" target=\"_blank\">\n\t\t\t\t\t\t<img decoding=\"async\" itemprop=\"image\" class=\"mkdf-cc-image\" src=\"https:\/\/cjb-racing.de\/wp-content\/uploads\/2023\/06\/fire-token.com_.jpg\" alt=\"\" \/>\n\t\t\t\t\t\t\t<img decoding=\"async\" itemprop=\"image\" class=\"mkdf-cc-hover-image\" src=\"https:\/\/cjb-racing.de\/wp-content\/uploads\/2023\/06\/fire-token.com_.jpg\" alt=\"\" \/>\n\t\t\t\t\t<\/a>\n\t<\/div><div class=\"mkdf-cc-item mkdf-item-space mkdf-cci-has-link\">\n\t\t\t<a itemprop=\"url\" class=\"mkdf-cc-link mkdf-block-drag-link\" href=\"https:\/\/www.adac-niedersachsen-sachsen-anhalt.de\/startseite.html\" target=\"_blank\">\n\t\t\t\t\t\t<img decoding=\"async\" itemprop=\"image\" class=\"mkdf-cc-image\" src=\"https:\/\/cjb-racing.de\/wp-content\/uploads\/2020\/06\/Logo_ADAC-NSA-klein-150x150-1.png\" alt=\"\" \/>\n\t\t\t\t\t\t\t<img decoding=\"async\" itemprop=\"image\" class=\"mkdf-cc-hover-image\" src=\"https:\/\/cjb-racing.de\/wp-content\/uploads\/2020\/06\/Logo_ADAC-NSA-klein-150x150-1.png\" alt=\"\" \/>\n\t\t\t\t\t<\/a>\n\t<\/div><div class=\"mkdf-cc-item mkdf-item-space mkdf-cci-has-link\">\n\t\t\t<a itemprop=\"url\" class=\"mkdf-cc-link mkdf-block-drag-link\" href=\"https:\/\/baederprofis.de\/\" target=\"_blank\">\n\t\t\t\t\t\t<img decoding=\"async\" itemprop=\"image\" class=\"mkdf-cc-image\" src=\"https:\/\/cjb-racing.de\/wp-content\/uploads\/2020\/07\/Image11-150x150.jpg\" alt=\"\" \/>\n\t\t\t\t\t\t\t<img decoding=\"async\" itemprop=\"image\" class=\"mkdf-cc-hover-image\" src=\"https:\/\/cjb-racing.de\/wp-content\/uploads\/2020\/07\/Image11-150x150.jpg\" alt=\"\" \/>\n\t\t\t\t\t<\/a>\n\t<\/div><div class=\"mkdf-cc-item mkdf-item-space mkdf-cci-has-link\">\n\t\t\t<a itemprop=\"url\" class=\"mkdf-cc-link mkdf-block-drag-link\" href=\"https:\/\/www.vpdracing.com\/\" target=\"_blank\">\n\t\t\t\t\t\t<img decoding=\"async\" itemprop=\"image\" class=\"mkdf-cc-image\" src=\"https:\/\/cjb-racing.de\/wp-content\/uploads\/2020\/06\/cjb-racing-partner-VPD-1-1-150x150.jpg\" alt=\"\" \/>\n\t\t\t\t\t\t\t<img decoding=\"async\" itemprop=\"image\" class=\"mkdf-cc-hover-image\" src=\"https:\/\/cjb-racing.de\/wp-content\/uploads\/2023\/02\/cjb-racing-partner-VPD-1-1-150x150.jpg\" alt=\"\" \/>\n\t\t\t\t\t<\/a>\n\t<\/div><div class=\"mkdf-cc-item mkdf-item-space mkdf-cci-has-link\">\n\t\t\t<a itemprop=\"url\" class=\"mkdf-cc-link mkdf-block-drag-link\" href=\"https:\/\/baederprofis.shop\" target=\"_blank\">\n\t\t\t\t\t\t<img decoding=\"async\" itemprop=\"image\" class=\"mkdf-cc-image\" src=\"https:\/\/cjb-racing.de\/wp-content\/uploads\/2023\/10\/baederprofis-shop.jpg\" alt=\"\" \/>\n\t\t\t\t\t\t\t<img decoding=\"async\" itemprop=\"image\" class=\"mkdf-cc-hover-image\" src=\"https:\/\/cjb-racing.de\/wp-content\/uploads\/2023\/10\/baederprofis-shop.jpg\" alt=\"\" \/>\n\t\t\t\t\t<\/a>\n\t<\/div><div class=\"mkdf-cc-item mkdf-item-space mkdf-cci-has-link\">\n\t\t\t<a itemprop=\"url\" class=\"mkdf-cc-link mkdf-block-drag-link\" href=\"https:\/\/deinelobby.com\/\" target=\"_blank\">\n\t\t\t\t\t\t<img decoding=\"async\" itemprop=\"image\" class=\"mkdf-cc-image\" src=\"https:\/\/cjb-racing.de\/wp-content\/uploads\/2023\/10\/deine-lobby.jpg\" alt=\"\" \/>\n\t\t\t\t\t\t\t<img decoding=\"async\" itemprop=\"image\" class=\"mkdf-cc-hover-image\" src=\"https:\/\/cjb-racing.de\/wp-content\/uploads\/2023\/10\/deine-lobby.jpg\" alt=\"\" \/>\n\t\t\t\t\t<\/a>\n\t<\/div>\t<\/div>\n<\/div>[\/vc_column][\/vc_row]<\/p>\n","protected":false},"excerpt":{"rendered":"<p>[vc_row row_content_width=&#8221;grid&#8221; disable_background_image=&#8221;1024&#8243; vertical_lines=&#8221;yes&#8221; animated_text_position=&#8221;right&#8221; disable_animated_text=&#8221;&#8221; animated_text=&#8221;racing&#8221; animated_text_color=&#8221;#f5f5f5&#8243; css=&#8221;.vc_custom_1592118610608{padding-top: 130px !important;padding-bottom: 125px !important;}&#8221;][vc_column css=&#8221;.vc_custom_1569240237669{padding-top: 0px !important;padding-bottom: 5px !important;}&#8221;][vc_row_inner row_content_width=&#8221;grid&#8221;][vc_column_inner width=&#8221;1\/2&#8243; css=&#8221;.vc_custom_1567499344778{padding-top: 0px !important;padding-bottom: 0px !important;}&#8221;][vc_column_text] &nbsp;ADAC KART MASTERS Der ADAC e.V. schreibt seit 2008 als h\u00f6chstes Pr\u00e4dikat im lizenzpflichtigen ADAC Kartsport das ADAC Kart Masters aus, das bundesweit bei f\u00fcnf Veranstaltungen [&hellip;]<\/p>\n","protected":false},"author":101019,"featured_media":0,"parent":0,"menu_order":0,"comment_status":"closed","ping_status":"closed","template":"full-width.php","meta":{"_monsterinsights_skip_tracking":false,"_monsterinsights_sitenote_active":false,"_monsterinsights_sitenote_note":"","_monsterinsights_sitenote_category":0,"ngg_post_thumbnail":0,"footnotes":""},"class_list":["post-4008","page","type-page","status-publish","hentry"],"yoast_head":"<!-- This site is optimized with the Yoast SEO plugin v24.9 - https:\/\/yoast.com\/wordpress\/plugins\/seo\/ -->\n<title>SERIES - CJB - OFFICIAL WEBSITE<\/title>\n<meta name=\"robots\" content=\"index, follow, max-snippet:-1, max-image-preview:large, max-video-preview:-1\" \/>\n<link rel=\"canonical\" href=\"https:\/\/cjb-racing.de\/en\/series\/\" \/>\n<meta property=\"og:locale\" content=\"en_US\" \/>\n<meta property=\"og:type\" content=\"article\" \/>\n<meta property=\"og:title\" content=\"SERIES - CJB - OFFICIAL WEBSITE\" \/>\n<meta property=\"og:description\" content=\"[vc_row row_content_width=&#8221;grid&#8221; disable_background_image=&#8221;1024&#8243; vertical_lines=&#8221;yes&#8221; animated_text_position=&#8221;right&#8221; disable_animated_text=&#8221;&#8221; animated_text=&#8221;racing&#8221; animated_text_color=&#8221;#f5f5f5&#8243; css=&#8221;.vc_custom_1592118610608{padding-top: 130px !important;padding-bottom: 125px !important;}&#8221;][vc_column css=&#8221;.vc_custom_1569240237669{padding-top: 0px !important;padding-bottom: 5px !important;}&#8221;][vc_row_inner row_content_width=&#8221;grid&#8221;][vc_column_inner width=&#8221;1\/2&#8243; css=&#8221;.vc_custom_1567499344778{padding-top: 0px !important;padding-bottom: 0px !important;}&#8221;][vc_column_text] &nbsp;ADAC KART MASTERS Der ADAC e.V. schreibt seit 2008 als h\u00f6chstes Pr\u00e4dikat im lizenzpflichtigen ADAC Kartsport das ADAC Kart Masters aus, das bundesweit bei f\u00fcnf Veranstaltungen [&hellip;]\" \/>\n<meta property=\"og:url\" content=\"https:\/\/cjb-racing.de\/en\/series\/\" \/>\n<meta property=\"og:site_name\" content=\"CJB - OFFICIAL WEBSITE\" \/>\n<meta property=\"article:publisher\" content=\"https:\/\/www.facebook.com\/ColinBoenighausen\" \/>\n<meta property=\"article:modified_time\" content=\"2023-10-02T13:16:08+00:00\" \/>\n<meta property=\"og:image\" content=\"https:\/\/cjb-racing.de\/wp-content\/uploads\/2020\/06\/ADAC-Logo-kart-masters-300x151-1.png\" \/>\n<meta name=\"twitter:card\" content=\"summary_large_image\" \/>\n<meta name=\"twitter:label1\" content=\"Est. reading time\" \/>\n\t<meta name=\"twitter:data1\" content=\"4 minutes\" \/>\n<script type=\"application\/ld+json\" class=\"yoast-schema-graph\">{\"@context\":\"https:\/\/schema.org\",\"@graph\":[{\"@type\":\"WebPage\",\"@id\":\"https:\/\/cjb-racing.de\/en\/series\/\",\"url\":\"https:\/\/cjb-racing.de\/en\/series\/\",\"name\":\"SERIES - CJB - OFFICIAL WEBSITE\",\"isPartOf\":{\"@id\":\"https:\/\/cjb-racing.de\/#website\"},\"primaryImageOfPage\":{\"@id\":\"https:\/\/cjb-racing.de\/en\/series\/#primaryimage\"},\"image\":{\"@id\":\"https:\/\/cjb-racing.de\/en\/series\/#primaryimage\"},\"thumbnailUrl\":\"https:\/\/cjb-racing.de\/wp-content\/uploads\/2020\/06\/ADAC-Logo-kart-masters-300x151-1.png\",\"datePublished\":\"2020-06-16T09:49:39+00:00\",\"dateModified\":\"2023-10-02T13:16:08+00:00\",\"breadcrumb\":{\"@id\":\"https:\/\/cjb-racing.de\/en\/series\/#breadcrumb\"},\"inLanguage\":\"en-US\",\"potentialAction\":[{\"@type\":\"ReadAction\",\"target\":[\"https:\/\/cjb-racing.de\/en\/series\/\"]}]},{\"@type\":\"ImageObject\",\"inLanguage\":\"en-US\",\"@id\":\"https:\/\/cjb-racing.de\/en\/series\/#primaryimage\",\"url\":\"https:\/\/cjb-racing.de\/wp-content\/uploads\/2020\/06\/ADAC-Logo-kart-masters-300x151-1.png\",\"contentUrl\":\"https:\/\/cjb-racing.de\/wp-content\/uploads\/2020\/06\/ADAC-Logo-kart-masters-300x151-1.png\"},{\"@type\":\"BreadcrumbList\",\"@id\":\"https:\/\/cjb-racing.de\/en\/series\/#breadcrumb\",\"itemListElement\":[{\"@type\":\"ListItem\",\"position\":1,\"name\":\"Startseite\",\"item\":\"https:\/\/cjb-racing.de\/en\/\"},{\"@type\":\"ListItem\",\"position\":2,\"name\":\"SERIES\"}]},{\"@type\":\"WebSite\",\"@id\":\"https:\/\/cjb-racing.de\/#website\",\"url\":\"https:\/\/cjb-racing.de\/\",\"name\":\"COLIN JAMIE B\u00d6NIGHAUSEN - OFFICIAL WEBSEITE\",\"description\":\"PORSCHE MOTORSPORT\",\"publisher\":{\"@id\":\"https:\/\/cjb-racing.de\/#organization\"},\"potentialAction\":[{\"@type\":\"SearchAction\",\"target\":{\"@type\":\"EntryPoint\",\"urlTemplate\":\"https:\/\/cjb-racing.de\/?s={search_term_string}\"},\"query-input\":{\"@type\":\"PropertyValueSpecification\",\"valueRequired\":true,\"valueName\":\"search_term_string\"}}],\"inLanguage\":\"en-US\"},{\"@type\":\"Organization\",\"@id\":\"https:\/\/cjb-racing.de\/#organization\",\"name\":\"https:\/\/cjb-racing.de\",\"url\":\"https:\/\/cjb-racing.de\/\",\"logo\":{\"@type\":\"ImageObject\",\"inLanguage\":\"en-US\",\"@id\":\"https:\/\/cjb-racing.de\/#\/schema\/logo\/image\/\",\"url\":\"https:\/\/cjb-racing.de\/wp-content\/uploads\/2020\/06\/sticky.png\",\"contentUrl\":\"https:\/\/cjb-racing.de\/wp-content\/uploads\/2020\/06\/sticky.png\",\"width\":80,\"height\":59,\"caption\":\"https:\/\/cjb-racing.de\"},\"image\":{\"@id\":\"https:\/\/cjb-racing.de\/#\/schema\/logo\/image\/\"},\"sameAs\":[\"https:\/\/www.facebook.com\/ColinBoenighausen\"]}]}<\/script>\n<!-- \/ Yoast SEO plugin. -->","yoast_head_json":{"title":"SERIES - CJB - OFFICIAL WEBSITE","robots":{"index":"index","follow":"follow","max-snippet":"max-snippet:-1","max-image-preview":"max-image-preview:large","max-video-preview":"max-video-preview:-1"},"canonical":"https:\/\/cjb-racing.de\/en\/series\/","og_locale":"en_US","og_type":"article","og_title":"SERIES - CJB - OFFICIAL WEBSITE","og_description":"[vc_row row_content_width=&#8221;grid&#8221; disable_background_image=&#8221;1024&#8243; vertical_lines=&#8221;yes&#8221; animated_text_position=&#8221;right&#8221; disable_animated_text=&#8221;&#8221; animated_text=&#8221;racing&#8221; animated_text_color=&#8221;#f5f5f5&#8243; css=&#8221;.vc_custom_1592118610608{padding-top: 130px !important;padding-bottom: 125px !important;}&#8221;][vc_column css=&#8221;.vc_custom_1569240237669{padding-top: 0px !important;padding-bottom: 5px !important;}&#8221;][vc_row_inner row_content_width=&#8221;grid&#8221;][vc_column_inner width=&#8221;1\/2&#8243; css=&#8221;.vc_custom_1567499344778{padding-top: 0px !important;padding-bottom: 0px !important;}&#8221;][vc_column_text] &nbsp;ADAC KART MASTERS Der ADAC e.V. schreibt seit 2008 als h\u00f6chstes Pr\u00e4dikat im lizenzpflichtigen ADAC Kartsport das ADAC Kart Masters aus, das bundesweit bei f\u00fcnf Veranstaltungen [&hellip;]","og_url":"https:\/\/cjb-racing.de\/en\/series\/","og_site_name":"CJB - OFFICIAL WEBSITE","article_publisher":"https:\/\/www.facebook.com\/ColinBoenighausen","article_modified_time":"2023-10-02T13:16:08+00:00","og_image":[{"url":"https:\/\/cjb-racing.de\/wp-content\/uploads\/2020\/06\/ADAC-Logo-kart-masters-300x151-1.png","type":"","width":"","height":""}],"twitter_card":"summary_large_image","twitter_misc":{"Est. reading time":"4 minutes"},"schema":{"@context":"https:\/\/schema.org","@graph":[{"@type":"WebPage","@id":"https:\/\/cjb-racing.de\/en\/series\/","url":"https:\/\/cjb-racing.de\/en\/series\/","name":"SERIES - CJB - OFFICIAL WEBSITE","isPartOf":{"@id":"https:\/\/cjb-racing.de\/#website"},"primaryImageOfPage":{"@id":"https:\/\/cjb-racing.de\/en\/series\/#primaryimage"},"image":{"@id":"https:\/\/cjb-racing.de\/en\/series\/#primaryimage"},"thumbnailUrl":"https:\/\/cjb-racing.de\/wp-content\/uploads\/2020\/06\/ADAC-Logo-kart-masters-300x151-1.png","datePublished":"2020-06-16T09:49:39+00:00","dateModified":"2023-10-02T13:16:08+00:00","breadcrumb":{"@id":"https:\/\/cjb-racing.de\/en\/series\/#breadcrumb"},"inLanguage":"en-US","potentialAction":[{"@type":"ReadAction","target":["https:\/\/cjb-racing.de\/en\/series\/"]}]},{"@type":"ImageObject","inLanguage":"en-US","@id":"https:\/\/cjb-racing.de\/en\/series\/#primaryimage","url":"https:\/\/cjb-racing.de\/wp-content\/uploads\/2020\/06\/ADAC-Logo-kart-masters-300x151-1.png","contentUrl":"https:\/\/cjb-racing.de\/wp-content\/uploads\/2020\/06\/ADAC-Logo-kart-masters-300x151-1.png"},{"@type":"BreadcrumbList","@id":"https:\/\/cjb-racing.de\/en\/series\/#breadcrumb","itemListElement":[{"@type":"ListItem","position":1,"name":"Startseite","item":"https:\/\/cjb-racing.de\/en\/"},{"@type":"ListItem","position":2,"name":"SERIES"}]},{"@type":"WebSite","@id":"https:\/\/cjb-racing.de\/#website","url":"https:\/\/cjb-racing.de\/","name":"COLIN JAMIE B\u00d6NIGHAUSEN - OFFICIAL WEBSEITE","description":"PORSCHE MOTORSPORT","publisher":{"@id":"https:\/\/cjb-racing.de\/#organization"},"potentialAction":[{"@type":"SearchAction","target":{"@type":"EntryPoint","urlTemplate":"https:\/\/cjb-racing.de\/?s={search_term_string}"},"query-input":{"@type":"PropertyValueSpecification","valueRequired":true,"valueName":"search_term_string"}}],"inLanguage":"en-US"},{"@type":"Organization","@id":"https:\/\/cjb-racing.de\/#organization","name":"https:\/\/cjb-racing.de","url":"https:\/\/cjb-racing.de\/","logo":{"@type":"ImageObject","inLanguage":"en-US","@id":"https:\/\/cjb-racing.de\/#\/schema\/logo\/image\/","url":"https:\/\/cjb-racing.de\/wp-content\/uploads\/2020\/06\/sticky.png","contentUrl":"https:\/\/cjb-racing.de\/wp-content\/uploads\/2020\/06\/sticky.png","width":80,"height":59,"caption":"https:\/\/cjb-racing.de"},"image":{"@id":"https:\/\/cjb-racing.de\/#\/schema\/logo\/image\/"},"sameAs":["https:\/\/www.facebook.com\/ColinBoenighausen"]}]}},"_links":{"self":[{"href":"https:\/\/cjb-racing.de\/en\/wp-json\/wp\/v2\/pages\/4008","targetHints":{"allow":["GET"]}}],"collection":[{"href":"https:\/\/cjb-racing.de\/en\/wp-json\/wp\/v2\/pages"}],"about":[{"href":"https:\/\/cjb-racing.de\/en\/wp-json\/wp\/v2\/types\/page"}],"author":[{"embeddable":true,"href":"https:\/\/cjb-racing.de\/en\/wp-json\/wp\/v2\/users\/101019"}],"replies":[{"embeddable":true,"href":"https:\/\/cjb-racing.de\/en\/wp-json\/wp\/v2\/comments?post=4008"}],"version-history":[{"count":2,"href":"https:\/\/cjb-racing.de\/en\/wp-json\/wp\/v2\/pages\/4008\/revisions"}],"predecessor-version":[{"id":6165,"href":"https:\/\/cjb-racing.de\/en\/wp-json\/wp\/v2\/pages\/4008\/revisions\/6165"}],"wp:attachment":[{"href":"https:\/\/cjb-racing.de\/en\/wp-json\/wp\/v2\/media?parent=4008"}],"curies":[{"name":"wp","href":"https:\/\/api.w.org\/{rel}","templated":true}]}}