{"id":3995,"date":"2020-06-16T11:41:38","date_gmt":"2020-06-16T09:41:38","guid":{"rendered":"https:\/\/cjb-racing.de\/?page_id=3995"},"modified":"2020-06-16T11:58:29","modified_gmt":"2020-06-16T09:58:29","slug":"sport-2","status":"publish","type":"page","link":"https:\/\/cjb-racing.de\/en\/sport-2\/","title":{"rendered":"Sport"},"content":{"rendered":"<p>[vc_row row_content_width=&#8221;grid&#8221; disable_background_image=&#8221;1024&#8243; vertical_lines=&#8221;yes&#8221; animated_text_position=&#8221;right&#8221; disable_animated_text=&#8221;&#8221; animated_text=&#8221;racing&#8221; animated_text_color=&#8221;#f5f5f5&#8243; css=&#8221;.vc_custom_1592118610608{padding-top: 130px !important;padding-bottom: 125px !important;}&#8221;][vc_column css=&#8221;.vc_custom_1569240237669{padding-top: 0px !important;padding-bottom: 5px !important;}&#8221;][vc_row_inner row_content_width=&#8221;grid&#8221;][vc_column_inner width=&#8221;1\/2&#8243; css=&#8221;.vc_custom_1567499344778{padding-top: 0px !important;padding-bottom: 0px !important;}&#8221;][vc_column_text]<\/p>\n<h3>KARTSPORT- EINE DEFINITION<\/h3>\n<p>Das erste Kart wurde 1956 vom US-amerikanischen Ingenieur Art Ingels gebaut und ausger\u00fcstet mit einem Rasenm\u00e4hermotor, der \u00fcber eine Fahrradkette ein Hinterrad antrieb. Ingels, der zuvor bei Kurtis Kraft Rennwagen baute, stie\u00df mit seiner Erfindung auf gro\u00dfes Interesse. Schnell fanden sich Nachahmer des simplen Konzepts und auf Parkpl\u00e4tzen wurden erste Rennen ausgetragen. Bereits 1959 wurden Karts auf der Pariser Automobilausstellung gezeigt und fanden so ihren Weg nach Europa. Im Februar 1960 wurde vom Wiesbadener Automobilclub der Go-Kart-Club Deutschland (GKCD) gegr\u00fcndet und dem Automobil Club Deutschland kooperativ angeschlossen.<\/p>\n<p>Der Kartsport (auch Karting genannt) ist der Teil des Motorsports, bei dem die Rennfahrer mit kleinen, motorisierten Fahrzeugen namens Karts auf speziellen daf\u00fcr gebauten Kartbahnen Wettbewerbe austragen. Daneben gibt es noch die Hobbyvariante, bei denen jedermann auf Pisten, die sich oftmals in Hallen befinden, zum Zeitvertreib Leihkart fahren kann. Diese haben etwa 8\u201310 PS und erreichen eine Geschwindigkeit von ungef\u00e4hr 70 km\/h.<\/p>\n<p>Durch ihre einfache und leichte Bauweise sind Karts sehr schnell und agil. Sie k\u00f6nnen Geschwindigkeiten von \u00fcber 150 km\/h erreichen. Durch den niedrigen Schwerpunkt nur wenige Zentimeter \u00fcber der Fahrbahn werden im Kartsport hohe Kurvengeschwindigkeiten erzielt, was zu einer starken k\u00f6rperlichen Beanspruchung f\u00fchrt (bis zu 4 G). Kartsport wird auch von Kindern und Jugendlichen betrieben.<\/p>\n<p>(Quelle: www.wikipedia.de)[\/vc_column_text][\/vc_column_inner][vc_column_inner width=&#8221;1\/2&#8243;][vc_column_text]<\/p>\n<h3>COLINS KARTSPORT<\/h3>\n<p>Viele verwechseln, wenn sie \u00fcber &#8220;Kartfahren&#8221; sprechen, den Hobbysport mit dem professionellen Engagement der Motorsportler.<\/p>\n<p>Der professionelle Kartsport hat seine Heimat auf den gro\u00dfen OpenAir-Rennstrecken rund um den Globus. Die ber\u00fchmteste Kartstrecke der Welt ist wohl der Erftlandring in Kerpen, Geburtsst\u00e4tte von den Schumacher- Br\u00fcdern\u00a0 und Sebastian Vettel.<\/p>\n<p>Bei den Rennen der Internationalen Deutschen Kart Meisterschaft, den L\u00e4ufen zur WSK-Serie oder des ADAC Kart Masters nebst Academy treten die Profis des Kartsports an, deren Weg definitiv ausgerichtet ist, in den Formel-Sport aufzusteigen.<\/p>\n<p>In klarer Abgrenzung dazu, haben viele Privatpersonen zu Recht viel Spa\u00df, die Herausforderung auf den Indoor-Kartbahnen anzunehmen.<\/p>\n<p>Vom Wortlaut her sicherlich der selbe Sport, auf der Strecke liegen allerdings Lichtjahre dazwischen, vergleichbar mit einem Rasenm\u00e4her im Zweikampf gegen einen Ferrari. Das eine ist ein Freizeit-Vergn\u00fcgen, das andere ist ein professioneller Sport.<\/p>\n<p>Dieser Unterschied ist wichtig zu erkennnen, wenn man die Leistung der Motorsportler bewertet. Fitness- und Konditions- Training, Konzentrations-Schulungen, Datenanalysen, Testfahrten und so weiter sind die Basis f\u00fcr den Sport, der am Ende Motorsport hei\u00dft.<\/p>\n<p>Colin ist Motorsportler&#8230;.[\/vc_column_text][\/vc_column_inner][\/vc_row_inner][\/vc_column][\/vc_row][vc_row disable_background_image=&#8221;&#8221;][vc_column]<div class=\"mkdf-video-button-holder  mkdf-vb-has-img  mkdf-vb-tat-position-right\">\n\t\t\t<div class=\"mkdf-video-button-image\">\n\t\t\t<img loading=\"lazy\" decoding=\"async\" width=\"1920\" height=\"700\" src=\"https:\/\/cjb-racing.de\/wp-content\/uploads\/2020\/06\/p1-title-area-img-1-5-3.jpg\" class=\"attachment-full size-full\" alt=\"\" srcset=\"https:\/\/cjb-racing.de\/wp-content\/uploads\/2020\/06\/p1-title-area-img-1-5-3.jpg 1920w, https:\/\/cjb-racing.de\/wp-content\/uploads\/2020\/06\/p1-title-area-img-1-5-3-300x109.jpg 300w, https:\/\/cjb-racing.de\/wp-content\/uploads\/2020\/06\/p1-title-area-img-1-5-3-1024x373.jpg 1024w, https:\/\/cjb-racing.de\/wp-content\/uploads\/2020\/06\/p1-title-area-img-1-5-3-768x280.jpg 768w, https:\/\/cjb-racing.de\/wp-content\/uploads\/2020\/06\/p1-title-area-img-1-5-3-1536x560.jpg 1536w\" sizes=\"auto, (max-width: 1920px) 100vw, 1920px\" \/>\t\t<\/div>\n\t\t\t\t<span class=\"mkdf-video-button-play\" >\n\t\t\t<span class=\"mkdf-video-button-play-inner\">\n\t\t\t\t<span class=\"mkdf-video-button-play-holder\">\n\t\t\t\t\t<span class=\"mkdf-video-button-play-text\">\n\t\t\t            <span class=\"mkdf-btn-line-hidden\"><\/span>\n\t\t\t            <span class=\"mkdf-btn-text\">Play<\/span>\n\t\t\t\t        <span class=\"mkdf-btn-line\"><\/span>\n\t\t\t            <i class=\"mkdf-icon-ion-icon ion-ios-play \"><\/i>\n\t\t\t        <\/span>\n\t\t\t        <span class=\"mkdf-video-button-svg\">\n\t\t\t\t\t\t<svg x=\"0px\" y=\"0px\" width=\"78px\" height=\"80px\" viewBox=\"0 0 78 80\" style=\"enable-background:new 0 0 78 80;\">\n\t\t\t\t\t\t\t<path fill=\"CurrentColor\" d=\"M38.2,0C20.1,0,4.8,12.3,0,29h1C5.8,12.8,20.7,1,38.2,1C59.6,1,77,18.5,77,40c0,21.5-17.4,39-38.8,39\n\t\tC21,79,6.4,67.6,1.3,52H0.3c5.1,16.2,20.1,28,37.9,28C60.2,80,78,62.1,78,40C78,17.9,60.2,0,38.2,0z\"><\/path>\n\t\t\t\t\t\t<\/svg>\n\t\t\t\t\t<\/span>\n\t\t\t\t\t\t\t\t\t\t\t<a class=\"mkdf-video-button-link\" href=\"https:\/\/www.youtube.com\/watch?v=XBUk8qQvCvg&#038;feature=emb_title\" data-rel=\"prettyPhoto[video_button_pretty_photo_757]\"><\/a>\n\t\t\t\t\t\t\t\t\t<\/span>\n\t\t\t<\/span>\n\t\t<\/span>\n\t\t\t\t<div class=\"mkdf-video-button-outer mkdf-content-in-grid\">\n\t\t\t<div class=\"mkdf-video-button-inner mkdf-grid\">\n\t\t\t\t<div class=\"mkdf-vb-tat-holder\">\n\t\t\t\t\t\t\t\t\t\t\t<span class=\"mkdf-vb-tagline\" >\n\t\t\t\t\t\t\tcjb-racing.de\t\t\t\t\t\t<\/span>\n\t\t\t\t\t\t\t\t\t\t\t\t\t\t\t\t<h1 class=\"mkdf-vb-title\" >\n\t\t\t\t\t\tCJB BEI<br \/> RADIO<br \/> HANNOVER\t\t\t\t\t<\/h1>\n\t\t\t\t\t\t\t\t\t<\/div>\n\t\t\t<\/div>\n\t\t<\/div>\n\t<\/div>[\/vc_column][\/vc_row][vc_row row_content_width=&#8221;grid&#8221; disable_background_image=&#8221;&#8221; simple_background_color=&#8221;#ffffff&#8221;][vc_column css=&#8221;.vc_custom_1569240665386{padding-top: 100px !important;padding-right: 0px !important;padding-bottom: 100px !important;padding-left: 0px !important;}&#8221;]<div class=\"mkdf-clients-grid-holder mkdf-grid-list mkdf-disable-bottom-space mkdf-five-columns mkdf-small-space  mkdf-cc-hover-roll-over\">\n\t<div class=\"mkdf-cg-inner mkdf-outer-space\">\n\t\t<div class=\"mkdf-cc-item mkdf-item-space mkdf-cci-has-link\">\n\t\t\t<a itemprop=\"url\" class=\"mkdf-cc-link mkdf-block-drag-link\" href=\"https:\/\/www.drracingkart.it\/\" target=\"_self\">\n\t\t\t\t\t\t<img decoding=\"async\" itemprop=\"image\" class=\"mkdf-cc-image\" src=\"https:\/\/cjb-racing.de\/wp-content\/uploads\/2020\/06\/cjb-racing-partner-DR-1-150x150-1.jpg\" alt=\"\" \/>\n\t\t\t\t\t\t\t<img decoding=\"async\" itemprop=\"image\" class=\"mkdf-cc-hover-image\" src=\"https:\/\/cjb-racing.de\/wp-content\/uploads\/2020\/06\/cjb-racing-partner-DR-1-150x150-1.jpg\" alt=\"\" \/>\n\t\t\t\t\t<\/a>\n\t<\/div><div class=\"mkdf-cc-item mkdf-item-space mkdf-cci-has-link\">\n\t\t\t<a itemprop=\"url\" class=\"mkdf-cc-link mkdf-block-drag-link\" href=\"https:\/\/www.lechnerracing.com\/\" target=\"_self\">\n\t\t\t\t\t\t<img decoding=\"async\" itemprop=\"image\" class=\"mkdf-cc-image\" src=\"https:\/\/cjb-racing.de\/wp-content\/uploads\/2020\/06\/cjb-racing-partner-Lechner-racing-150x150-1.jpg\" alt=\"\" \/>\n\t\t\t\t\t\t\t<img decoding=\"async\" itemprop=\"image\" class=\"mkdf-cc-hover-image\" src=\"https:\/\/cjb-racing.de\/wp-content\/uploads\/2020\/06\/cjb-racing-partner-Lechner-racing-150x150-1.jpg\" alt=\"\" \/>\n\t\t\t\t\t<\/a>\n\t<\/div><div class=\"mkdf-cc-item mkdf-item-space mkdf-cci-has-link\">\n\t\t\t<a itemprop=\"url\" class=\"mkdf-cc-link mkdf-block-drag-link\" href=\"https:\/\/maxxprosion.de\/\" target=\"_self\">\n\t\t\t\t\t\t<img decoding=\"async\" itemprop=\"image\" class=\"mkdf-cc-image\" src=\"https:\/\/cjb-racing.de\/wp-content\/uploads\/2020\/06\/cjb-racing-partner-maxxprosion-150x150-1.jpg\" alt=\"\" \/>\n\t\t\t\t\t\t\t<img decoding=\"async\" itemprop=\"image\" class=\"mkdf-cc-hover-image\" src=\"https:\/\/cjb-racing.de\/wp-content\/uploads\/2020\/06\/cjb-racing-partner-maxxprosion-150x150-1.jpg\" alt=\"\" \/>\n\t\t\t\t\t<\/a>\n\t<\/div><div class=\"mkdf-cc-item mkdf-item-space mkdf-cci-has-link\">\n\t\t\t<a itemprop=\"url\" class=\"mkdf-cc-link mkdf-block-drag-link\" href=\"http:\/\/www.vpdracing.com\/\" target=\"_self\">\n\t\t\t\t\t\t<img decoding=\"async\" itemprop=\"image\" class=\"mkdf-cc-image\" src=\"https:\/\/cjb-racing.de\/wp-content\/uploads\/2020\/06\/cjb-racing-partner-VPD-150x150-1.jpg\" alt=\"\" \/>\n\t\t\t\t\t\t\t<img decoding=\"async\" itemprop=\"image\" class=\"mkdf-cc-hover-image\" src=\"https:\/\/cjb-racing.de\/wp-content\/uploads\/2020\/06\/cjb-racing-partner-VPD-150x150-1.jpg\" alt=\"\" \/>\n\t\t\t\t\t<\/a>\n\t<\/div><div class=\"mkdf-cc-item mkdf-item-space mkdf-cci-no-link\">\n\t\t\t\t\t\t<img decoding=\"async\" itemprop=\"image\" class=\"mkdf-cc-image\" src=\"https:\/\/cjb-racing.de\/wp-content\/uploads\/2020\/06\/Logo_TopOne-150x150-1.png\" alt=\"\" \/>\n\t\t\t\t\t\t\t<img decoding=\"async\" itemprop=\"image\" class=\"mkdf-cc-hover-image\" src=\"https:\/\/cjb-racing.de\/wp-content\/uploads\/2020\/06\/Logo_TopOne-150x150-1.png\" alt=\"\" \/>\n\t\t\t<\/div><div class=\"mkdf-cc-item mkdf-item-space mkdf-cci-has-link\">\n\t\t\t<a itemprop=\"url\" class=\"mkdf-cc-link mkdf-block-drag-link\" href=\"https:\/\/www.adac-niedersachsen-sachsen-anhalt.de\/startseite.html\" target=\"_self\">\n\t\t\t\t\t\t<img decoding=\"async\" itemprop=\"image\" class=\"mkdf-cc-image\" src=\"https:\/\/cjb-racing.de\/wp-content\/uploads\/2020\/06\/Logo_ADAC-NSA-klein-150x150-1.png\" alt=\"\" \/>\n\t\t\t\t\t\t\t<img decoding=\"async\" itemprop=\"image\" class=\"mkdf-cc-hover-image\" src=\"https:\/\/cjb-racing.de\/wp-content\/uploads\/2020\/06\/Logo_ADAC-NSA-klein-150x150-1.png\" alt=\"\" \/>\n\t\t\t\t\t<\/a>\n\t<\/div><div class=\"mkdf-cc-item mkdf-item-space mkdf-cci-has-link\">\n\t\t\t<a itemprop=\"url\" class=\"mkdf-cc-link mkdf-block-drag-link\" href=\"https:\/\/www.castrol.com\/de_de\/germany\/home.html\" target=\"_self\">\n\t\t\t\t\t\t<img decoding=\"async\" itemprop=\"image\" class=\"mkdf-cc-image\" src=\"https:\/\/cjb-racing.de\/wp-content\/uploads\/2020\/06\/Image14-1-150x150-1.jpg\" alt=\"\" \/>\n\t\t\t\t\t\t\t<img decoding=\"async\" itemprop=\"image\" class=\"mkdf-cc-hover-image\" src=\"https:\/\/cjb-racing.de\/wp-content\/uploads\/2020\/06\/Image14-1-150x150-1.jpg\" alt=\"\" \/>\n\t\t\t\t\t<\/a>\n\t<\/div>\t<\/div>\n<\/div>[\/vc_column][\/vc_row]<\/p>\n","protected":false},"excerpt":{"rendered":"<p>[vc_row row_content_width=&#8221;grid&#8221; disable_background_image=&#8221;1024&#8243; vertical_lines=&#8221;yes&#8221; animated_text_position=&#8221;right&#8221; disable_animated_text=&#8221;&#8221; animated_text=&#8221;racing&#8221; animated_text_color=&#8221;#f5f5f5&#8243; css=&#8221;.vc_custom_1592118610608{padding-top: 130px !important;padding-bottom: 125px !important;}&#8221;][vc_column css=&#8221;.vc_custom_1569240237669{padding-top: 0px !important;padding-bottom: 5px !important;}&#8221;][vc_row_inner row_content_width=&#8221;grid&#8221;][vc_column_inner width=&#8221;1\/2&#8243; css=&#8221;.vc_custom_1567499344778{padding-top: 0px !important;padding-bottom: 0px !important;}&#8221;][vc_column_text] KARTSPORT- EINE DEFINITION Das erste Kart wurde 1956 vom US-amerikanischen Ingenieur Art Ingels gebaut und ausger\u00fcstet mit einem Rasenm\u00e4hermotor, der \u00fcber eine Fahrradkette ein Hinterrad antrieb. [&hellip;]<\/p>\n","protected":false},"author":101019,"featured_media":0,"parent":0,"menu_order":0,"comment_status":"closed","ping_status":"closed","template":"full-width.php","meta":{"_monsterinsights_skip_tracking":false,"_monsterinsights_sitenote_active":false,"_monsterinsights_sitenote_note":"","_monsterinsights_sitenote_category":0,"ngg_post_thumbnail":0,"footnotes":""},"class_list":["post-3995","page","type-page","status-publish","hentry"],"yoast_head":"<!-- This site is optimized with the Yoast SEO plugin v24.9 - https:\/\/yoast.com\/wordpress\/plugins\/seo\/ -->\n<title>Sport - CJB - OFFICIAL WEBSITE<\/title>\n<meta name=\"robots\" content=\"index, follow, max-snippet:-1, max-image-preview:large, max-video-preview:-1\" \/>\n<link rel=\"canonical\" href=\"https:\/\/cjb-racing.de\/en\/sport-2\/\" \/>\n<meta property=\"og:locale\" content=\"en_US\" \/>\n<meta property=\"og:type\" content=\"article\" \/>\n<meta property=\"og:title\" content=\"Sport - CJB - OFFICIAL WEBSITE\" \/>\n<meta property=\"og:description\" content=\"[vc_row row_content_width=&#8221;grid&#8221; disable_background_image=&#8221;1024&#8243; vertical_lines=&#8221;yes&#8221; animated_text_position=&#8221;right&#8221; disable_animated_text=&#8221;&#8221; animated_text=&#8221;racing&#8221; animated_text_color=&#8221;#f5f5f5&#8243; css=&#8221;.vc_custom_1592118610608{padding-top: 130px !important;padding-bottom: 125px !important;}&#8221;][vc_column css=&#8221;.vc_custom_1569240237669{padding-top: 0px !important;padding-bottom: 5px !important;}&#8221;][vc_row_inner row_content_width=&#8221;grid&#8221;][vc_column_inner width=&#8221;1\/2&#8243; css=&#8221;.vc_custom_1567499344778{padding-top: 0px !important;padding-bottom: 0px !important;}&#8221;][vc_column_text] KARTSPORT- EINE DEFINITION Das erste Kart wurde 1956 vom US-amerikanischen Ingenieur Art Ingels gebaut und ausger\u00fcstet mit einem Rasenm\u00e4hermotor, der \u00fcber eine Fahrradkette ein Hinterrad antrieb. [&hellip;]\" \/>\n<meta property=\"og:url\" content=\"https:\/\/cjb-racing.de\/en\/sport-2\/\" \/>\n<meta property=\"og:site_name\" content=\"CJB - OFFICIAL WEBSITE\" \/>\n<meta property=\"article:publisher\" content=\"https:\/\/www.facebook.com\/ColinBoenighausen\" \/>\n<meta property=\"article:modified_time\" content=\"2020-06-16T09:58:29+00:00\" \/>\n<meta name=\"twitter:card\" content=\"summary_large_image\" \/>\n<meta name=\"twitter:label1\" content=\"Est. reading time\" \/>\n\t<meta name=\"twitter:data1\" content=\"4 minutes\" \/>\n<script type=\"application\/ld+json\" class=\"yoast-schema-graph\">{\"@context\":\"https:\/\/schema.org\",\"@graph\":[{\"@type\":\"WebPage\",\"@id\":\"https:\/\/cjb-racing.de\/en\/sport-2\/\",\"url\":\"https:\/\/cjb-racing.de\/en\/sport-2\/\",\"name\":\"Sport - CJB - OFFICIAL WEBSITE\",\"isPartOf\":{\"@id\":\"https:\/\/cjb-racing.de\/#website\"},\"datePublished\":\"2020-06-16T09:41:38+00:00\",\"dateModified\":\"2020-06-16T09:58:29+00:00\",\"breadcrumb\":{\"@id\":\"https:\/\/cjb-racing.de\/en\/sport-2\/#breadcrumb\"},\"inLanguage\":\"en-US\",\"potentialAction\":[{\"@type\":\"ReadAction\",\"target\":[\"https:\/\/cjb-racing.de\/en\/sport-2\/\"]}]},{\"@type\":\"BreadcrumbList\",\"@id\":\"https:\/\/cjb-racing.de\/en\/sport-2\/#breadcrumb\",\"itemListElement\":[{\"@type\":\"ListItem\",\"position\":1,\"name\":\"Startseite\",\"item\":\"https:\/\/cjb-racing.de\/en\/\"},{\"@type\":\"ListItem\",\"position\":2,\"name\":\"Sport\"}]},{\"@type\":\"WebSite\",\"@id\":\"https:\/\/cjb-racing.de\/#website\",\"url\":\"https:\/\/cjb-racing.de\/\",\"name\":\"COLIN JAMIE B\u00d6NIGHAUSEN - OFFICIAL WEBSEITE\",\"description\":\"PORSCHE MOTORSPORT\",\"publisher\":{\"@id\":\"https:\/\/cjb-racing.de\/#organization\"},\"potentialAction\":[{\"@type\":\"SearchAction\",\"target\":{\"@type\":\"EntryPoint\",\"urlTemplate\":\"https:\/\/cjb-racing.de\/?s={search_term_string}\"},\"query-input\":{\"@type\":\"PropertyValueSpecification\",\"valueRequired\":true,\"valueName\":\"search_term_string\"}}],\"inLanguage\":\"en-US\"},{\"@type\":\"Organization\",\"@id\":\"https:\/\/cjb-racing.de\/#organization\",\"name\":\"https:\/\/cjb-racing.de\",\"url\":\"https:\/\/cjb-racing.de\/\",\"logo\":{\"@type\":\"ImageObject\",\"inLanguage\":\"en-US\",\"@id\":\"https:\/\/cjb-racing.de\/#\/schema\/logo\/image\/\",\"url\":\"https:\/\/cjb-racing.de\/wp-content\/uploads\/2020\/06\/sticky.png\",\"contentUrl\":\"https:\/\/cjb-racing.de\/wp-content\/uploads\/2020\/06\/sticky.png\",\"width\":80,\"height\":59,\"caption\":\"https:\/\/cjb-racing.de\"},\"image\":{\"@id\":\"https:\/\/cjb-racing.de\/#\/schema\/logo\/image\/\"},\"sameAs\":[\"https:\/\/www.facebook.com\/ColinBoenighausen\"]}]}<\/script>\n<!-- \/ Yoast SEO plugin. -->","yoast_head_json":{"title":"Sport - CJB - OFFICIAL WEBSITE","robots":{"index":"index","follow":"follow","max-snippet":"max-snippet:-1","max-image-preview":"max-image-preview:large","max-video-preview":"max-video-preview:-1"},"canonical":"https:\/\/cjb-racing.de\/en\/sport-2\/","og_locale":"en_US","og_type":"article","og_title":"Sport - CJB - OFFICIAL WEBSITE","og_description":"[vc_row row_content_width=&#8221;grid&#8221; disable_background_image=&#8221;1024&#8243; vertical_lines=&#8221;yes&#8221; animated_text_position=&#8221;right&#8221; disable_animated_text=&#8221;&#8221; animated_text=&#8221;racing&#8221; animated_text_color=&#8221;#f5f5f5&#8243; css=&#8221;.vc_custom_1592118610608{padding-top: 130px !important;padding-bottom: 125px !important;}&#8221;][vc_column css=&#8221;.vc_custom_1569240237669{padding-top: 0px !important;padding-bottom: 5px !important;}&#8221;][vc_row_inner row_content_width=&#8221;grid&#8221;][vc_column_inner width=&#8221;1\/2&#8243; css=&#8221;.vc_custom_1567499344778{padding-top: 0px !important;padding-bottom: 0px !important;}&#8221;][vc_column_text] KARTSPORT- EINE DEFINITION Das erste Kart wurde 1956 vom US-amerikanischen Ingenieur Art Ingels gebaut und ausger\u00fcstet mit einem Rasenm\u00e4hermotor, der \u00fcber eine Fahrradkette ein Hinterrad antrieb. [&hellip;]","og_url":"https:\/\/cjb-racing.de\/en\/sport-2\/","og_site_name":"CJB - OFFICIAL WEBSITE","article_publisher":"https:\/\/www.facebook.com\/ColinBoenighausen","article_modified_time":"2020-06-16T09:58:29+00:00","twitter_card":"summary_large_image","twitter_misc":{"Est. reading time":"4 minutes"},"schema":{"@context":"https:\/\/schema.org","@graph":[{"@type":"WebPage","@id":"https:\/\/cjb-racing.de\/en\/sport-2\/","url":"https:\/\/cjb-racing.de\/en\/sport-2\/","name":"Sport - CJB - OFFICIAL WEBSITE","isPartOf":{"@id":"https:\/\/cjb-racing.de\/#website"},"datePublished":"2020-06-16T09:41:38+00:00","dateModified":"2020-06-16T09:58:29+00:00","breadcrumb":{"@id":"https:\/\/cjb-racing.de\/en\/sport-2\/#breadcrumb"},"inLanguage":"en-US","potentialAction":[{"@type":"ReadAction","target":["https:\/\/cjb-racing.de\/en\/sport-2\/"]}]},{"@type":"BreadcrumbList","@id":"https:\/\/cjb-racing.de\/en\/sport-2\/#breadcrumb","itemListElement":[{"@type":"ListItem","position":1,"name":"Startseite","item":"https:\/\/cjb-racing.de\/en\/"},{"@type":"ListItem","position":2,"name":"Sport"}]},{"@type":"WebSite","@id":"https:\/\/cjb-racing.de\/#website","url":"https:\/\/cjb-racing.de\/","name":"COLIN JAMIE B\u00d6NIGHAUSEN - OFFICIAL WEBSEITE","description":"PORSCHE MOTORSPORT","publisher":{"@id":"https:\/\/cjb-racing.de\/#organization"},"potentialAction":[{"@type":"SearchAction","target":{"@type":"EntryPoint","urlTemplate":"https:\/\/cjb-racing.de\/?s={search_term_string}"},"query-input":{"@type":"PropertyValueSpecification","valueRequired":true,"valueName":"search_term_string"}}],"inLanguage":"en-US"},{"@type":"Organization","@id":"https:\/\/cjb-racing.de\/#organization","name":"https:\/\/cjb-racing.de","url":"https:\/\/cjb-racing.de\/","logo":{"@type":"ImageObject","inLanguage":"en-US","@id":"https:\/\/cjb-racing.de\/#\/schema\/logo\/image\/","url":"https:\/\/cjb-racing.de\/wp-content\/uploads\/2020\/06\/sticky.png","contentUrl":"https:\/\/cjb-racing.de\/wp-content\/uploads\/2020\/06\/sticky.png","width":80,"height":59,"caption":"https:\/\/cjb-racing.de"},"image":{"@id":"https:\/\/cjb-racing.de\/#\/schema\/logo\/image\/"},"sameAs":["https:\/\/www.facebook.com\/ColinBoenighausen"]}]}},"_links":{"self":[{"href":"https:\/\/cjb-racing.de\/en\/wp-json\/wp\/v2\/pages\/3995","targetHints":{"allow":["GET"]}}],"collection":[{"href":"https:\/\/cjb-racing.de\/en\/wp-json\/wp\/v2\/pages"}],"about":[{"href":"https:\/\/cjb-racing.de\/en\/wp-json\/wp\/v2\/types\/page"}],"author":[{"embeddable":true,"href":"https:\/\/cjb-racing.de\/en\/wp-json\/wp\/v2\/users\/101019"}],"replies":[{"embeddable":true,"href":"https:\/\/cjb-racing.de\/en\/wp-json\/wp\/v2\/comments?post=3995"}],"version-history":[{"count":1,"href":"https:\/\/cjb-racing.de\/en\/wp-json\/wp\/v2\/pages\/3995\/revisions"}],"predecessor-version":[{"id":3996,"href":"https:\/\/cjb-racing.de\/en\/wp-json\/wp\/v2\/pages\/3995\/revisions\/3996"}],"wp:attachment":[{"href":"https:\/\/cjb-racing.de\/en\/wp-json\/wp\/v2\/media?parent=3995"}],"curies":[{"name":"wp","href":"https:\/\/api.w.org\/{rel}","templated":true}]}}