{"id":2316,"date":"2019-01-14T14:33:54","date_gmt":"2019-01-14T12:33:54","guid":{"rendered":"https:\/\/cjb-racing.de\/rennen-2019\/"},"modified":"2020-06-16T12:06:03","modified_gmt":"2020-06-16T10:06:03","slug":"automobilsport","status":"publish","type":"page","link":"https:\/\/cjb-racing.de\/en\/automobilsport\/","title":{"rendered":"Automobilsport"},"content":{"rendered":"\r\n<div class=\"vce-row-container\">\r\n<div id=\"el-2cc488b6\" class=\"vce-row vce-row--col-gap-30 vce-row-columns--top vce-row-content--top\" data-vce-do-apply=\"all el-2cc488b6\">\r\n<div class=\"vce-row-content\" data-vce-element-content=\"true\">\r\n<div id=\"el-a7f292da\" class=\"vce-col vce-col--md-auto vce-col--xs-1 vce-col--xs-last vce-col--xs-first vce-col--sm-last vce-col--sm-first vce-col--md-last vce-col--lg-last vce-col--xl-last vce-col--md-first vce-col--lg-first vce-col--xl-first\">\r\n<div class=\"vce-col-inner\" data-vce-do-apply=\"border margin background el-a7f292da\">\r\n<div class=\"vce-col-content\" data-vce-element-content=\"true\" data-vce-do-apply=\"padding el-a7f292da\">\r\n<div class=\"vce-text-block\">\r\n<div id=\"el-915eb08a\" class=\"vce-text-block-wrapper vce\" data-vce-do-apply=\"all el-915eb08a\">\r\n<h1><span style=\"color: #1db088;\">Sportscar 2020<\/span><\/h1>\r\n<\/div>\r\n<\/div>\r\n<\/div>\r\n<\/div>\r\n<\/div>\r\n<\/div>\r\n<\/div>\r\n<\/div>\r\n<div class=\"vce-row-container\">\r\n<div id=\"el-6d1925ef\" class=\"vce-row vce-row--col-gap-30 vce-row-columns--top vce-row-content--top\" data-vce-do-apply=\"all el-6d1925ef\">\r\n<div class=\"vce-row-content\" data-vce-element-content=\"true\">\r\n<div id=\"el-5b9bd19a\" class=\"vce-col vce-col--md-100p vce-col--xs-1 vce-col--xs-last vce-col--xs-first vce-col--sm-last vce-col--sm-first vce-col--md-last vce-col--lg-last vce-col--xl-last vce-col--md-first vce-col--lg-first vce-col--xl-first\">\r\n<div class=\"vce-col-inner\" data-vce-do-apply=\"border margin background el-5b9bd19a\">\r\n<div class=\"vce-col-content\" data-vce-element-content=\"true\" data-vce-do-apply=\"padding el-5b9bd19a\">\r\n<div id=\"el-6a82db42\" class=\"vce vce-separator-container vce-separator--align-center vce-separator--style-solid\" data-vce-do-apply=\"margin el-6a82db42\">\r\n<div class=\"vce-separator vce-separator--color-bfc0c1 vce-separator--width-100 vce-separator--thickness-3\" data-vce-do-apply=\"border padding background el-6a82db42\"><\/div>\r\n<\/div>\r\n<\/div>\r\n<\/div>\r\n<\/div>\r\n<\/div>\r\n<\/div>\r\n<\/div>\r\n<div class=\"vce-row-container\">\r\n<div id=\"el-f7786e17\" class=\"vce-row vce-row--col-gap-30 vce-row-columns--top vce-row-content--top\" data-vce-do-apply=\"all el-f7786e17\">\r\n<div class=\"vce-row-content\" data-vce-element-content=\"true\">\r\n<div id=\"el-4898d7c3\" class=\"vce-col vce-col--md-33-33p vce-col--xs-1 vce-col--xs-last vce-col--xs-first vce-col--sm-last vce-col--sm-first vce-col--md-last vce-col--lg-last vce-col--xl-last vce-col--md-first vce-col--lg-first vce-col--xl-first\">\r\n<div class=\"vce-col-inner\" data-vce-do-apply=\"border margin background el-4898d7c3\">\r\n<div class=\"vce-col-content\" data-vce-element-content=\"true\" data-vce-do-apply=\"padding el-4898d7c3\">\r\n<div class=\"vce-text-block\">\r\n<div id=\"el-27c2d7a7\" class=\"vce-text-block-wrapper vce\" data-vce-do-apply=\"all el-27c2d7a7\">\r\n<h4>25. \u2013 26.05.2019<\/h4>\r\n<h3>Testing GT4<\/h3>\r\n<strong>Porsche Sprint Challenge Central Europe<\/strong>\r\n\r\nSlovakia Ring\r\n\r\nOrechov\u00e1 Pot\u00f4\u0148, Slowakei\r\n\r\n<\/div>\r\n<\/div>\r\n<\/div>\r\n<\/div>\r\n<\/div>\r\n<\/div>\r\n<\/div>\r\n<\/div>\r\n<div class=\"vce-row-container\">\r\n<div id=\"el-9d6be47c\" class=\"vce-row vce-row--col-gap-30 vce-row-columns--top vce-row-content--top\" data-vce-do-apply=\"all el-9d6be47c\">\r\n<div class=\"vce-row-content\" data-vce-element-content=\"true\">\r\n<div id=\"el-9a8db5ba\" class=\"vce-col vce-col--md-auto vce-col--xs-1 vce-col--xs-last vce-col--xs-first vce-col--sm-last vce-col--sm-first vce-col--md-last vce-col--lg-last vce-col--xl-last vce-col--md-first vce-col--lg-first vce-col--xl-first\">\r\n<div class=\"vce-col-inner\" data-vce-do-apply=\"border margin background el-9a8db5ba\">\r\n<div class=\"vce-col-content\" data-vce-element-content=\"true\" data-vce-do-apply=\"padding el-9a8db5ba\">\r\n<div class=\"vce-text-block\">\r\n<div id=\"el-0b1e6301\" class=\"vce-text-block-wrapper vce\" data-vce-do-apply=\"all el-0b1e6301\">\r\n\r\n<strong>Weitere Tests im Automobilsport sind geplant und folgen ab Juli 2020.<\/strong>\r\n\r\n<\/div>\r\n<\/div>\r\n<\/div>\r\n<\/div>\r\n<\/div>\r\n<\/div>\r\n<\/div>\r\n<\/div>\r\n\n","protected":false},"excerpt":{"rendered":"<p>Sportscar 2020 25. \u2013 26.05.2019 Testing GT4 Porsche Sprint Challenge Central Europe Slovakia Ring Orechov\u00e1 Pot\u00f4\u0148, Slowakei Weitere Tests im Automobilsport sind geplant und folgen ab Juli 2020.<\/p>\n","protected":false},"author":101019,"featured_media":0,"parent":0,"menu_order":0,"comment_status":"closed","ping_status":"closed","template":"template-layout-full-width.php","meta":{"_monsterinsights_skip_tracking":false,"_monsterinsights_sitenote_active":false,"_monsterinsights_sitenote_note":"","_monsterinsights_sitenote_category":0,"ngg_post_thumbnail":0,"footnotes":""},"class_list":["post-2316","page","type-page","status-publish","hentry"],"yoast_head":"<!-- This site is optimized with the Yoast SEO plugin v24.9 - https:\/\/yoast.com\/wordpress\/plugins\/seo\/ -->\n<title>Automobilsport - CJB - OFFICIAL WEBSITE<\/title>\n<meta name=\"robots\" content=\"index, follow, max-snippet:-1, max-image-preview:large, max-video-preview:-1\" \/>\n<link rel=\"canonical\" href=\"https:\/\/cjb-racing.de\/en\/automobilsport\/\" \/>\n<meta property=\"og:locale\" content=\"en_US\" \/>\n<meta property=\"og:type\" content=\"article\" \/>\n<meta property=\"og:title\" content=\"Automobilsport - CJB - OFFICIAL WEBSITE\" \/>\n<meta property=\"og:description\" content=\"Sportscar 2020 25. \u2013 26.05.2019 Testing GT4 Porsche Sprint Challenge Central Europe Slovakia Ring Orechov\u00e1 Pot\u00f4\u0148, Slowakei Weitere Tests im Automobilsport sind geplant und folgen ab Juli 2020.\" \/>\n<meta property=\"og:url\" content=\"https:\/\/cjb-racing.de\/en\/automobilsport\/\" \/>\n<meta property=\"og:site_name\" content=\"CJB - OFFICIAL WEBSITE\" \/>\n<meta property=\"article:publisher\" content=\"https:\/\/www.facebook.com\/ColinBoenighausen\" \/>\n<meta property=\"article:modified_time\" content=\"2020-06-16T10:06:03+00:00\" \/>\n<meta name=\"twitter:card\" content=\"summary_large_image\" \/>\n<script type=\"application\/ld+json\" class=\"yoast-schema-graph\">{\"@context\":\"https:\/\/schema.org\",\"@graph\":[{\"@type\":\"WebPage\",\"@id\":\"https:\/\/cjb-racing.de\/en\/automobilsport\/\",\"url\":\"https:\/\/cjb-racing.de\/en\/automobilsport\/\",\"name\":\"Automobilsport - CJB - OFFICIAL WEBSITE\",\"isPartOf\":{\"@id\":\"https:\/\/cjb-racing.de\/#website\"},\"datePublished\":\"2019-01-14T12:33:54+00:00\",\"dateModified\":\"2020-06-16T10:06:03+00:00\",\"breadcrumb\":{\"@id\":\"https:\/\/cjb-racing.de\/en\/automobilsport\/#breadcrumb\"},\"inLanguage\":\"en-US\",\"potentialAction\":[{\"@type\":\"ReadAction\",\"target\":[\"https:\/\/cjb-racing.de\/en\/automobilsport\/\"]}]},{\"@type\":\"BreadcrumbList\",\"@id\":\"https:\/\/cjb-racing.de\/en\/automobilsport\/#breadcrumb\",\"itemListElement\":[{\"@type\":\"ListItem\",\"position\":1,\"name\":\"Startseite\",\"item\":\"https:\/\/cjb-racing.de\/en\/\"},{\"@type\":\"ListItem\",\"position\":2,\"name\":\"Automobilsport\"}]},{\"@type\":\"WebSite\",\"@id\":\"https:\/\/cjb-racing.de\/#website\",\"url\":\"https:\/\/cjb-racing.de\/\",\"name\":\"COLIN JAMIE B\u00d6NIGHAUSEN - OFFICIAL WEBSEITE\",\"description\":\"PORSCHE MOTORSPORT\",\"publisher\":{\"@id\":\"https:\/\/cjb-racing.de\/#organization\"},\"potentialAction\":[{\"@type\":\"SearchAction\",\"target\":{\"@type\":\"EntryPoint\",\"urlTemplate\":\"https:\/\/cjb-racing.de\/?s={search_term_string}\"},\"query-input\":{\"@type\":\"PropertyValueSpecification\",\"valueRequired\":true,\"valueName\":\"search_term_string\"}}],\"inLanguage\":\"en-US\"},{\"@type\":\"Organization\",\"@id\":\"https:\/\/cjb-racing.de\/#organization\",\"name\":\"https:\/\/cjb-racing.de\",\"url\":\"https:\/\/cjb-racing.de\/\",\"logo\":{\"@type\":\"ImageObject\",\"inLanguage\":\"en-US\",\"@id\":\"https:\/\/cjb-racing.de\/#\/schema\/logo\/image\/\",\"url\":\"https:\/\/cjb-racing.de\/wp-content\/uploads\/2020\/06\/sticky.png\",\"contentUrl\":\"https:\/\/cjb-racing.de\/wp-content\/uploads\/2020\/06\/sticky.png\",\"width\":80,\"height\":59,\"caption\":\"https:\/\/cjb-racing.de\"},\"image\":{\"@id\":\"https:\/\/cjb-racing.de\/#\/schema\/logo\/image\/\"},\"sameAs\":[\"https:\/\/www.facebook.com\/ColinBoenighausen\"]}]}<\/script>\n<!-- \/ Yoast SEO plugin. -->","yoast_head_json":{"title":"Automobilsport - CJB - OFFICIAL WEBSITE","robots":{"index":"index","follow":"follow","max-snippet":"max-snippet:-1","max-image-preview":"max-image-preview:large","max-video-preview":"max-video-preview:-1"},"canonical":"https:\/\/cjb-racing.de\/en\/automobilsport\/","og_locale":"en_US","og_type":"article","og_title":"Automobilsport - CJB - OFFICIAL WEBSITE","og_description":"Sportscar 2020 25. \u2013 26.05.2019 Testing GT4 Porsche Sprint Challenge Central Europe Slovakia Ring Orechov\u00e1 Pot\u00f4\u0148, Slowakei Weitere Tests im Automobilsport sind geplant und folgen ab Juli 2020.","og_url":"https:\/\/cjb-racing.de\/en\/automobilsport\/","og_site_name":"CJB - OFFICIAL WEBSITE","article_publisher":"https:\/\/www.facebook.com\/ColinBoenighausen","article_modified_time":"2020-06-16T10:06:03+00:00","twitter_card":"summary_large_image","schema":{"@context":"https:\/\/schema.org","@graph":[{"@type":"WebPage","@id":"https:\/\/cjb-racing.de\/en\/automobilsport\/","url":"https:\/\/cjb-racing.de\/en\/automobilsport\/","name":"Automobilsport - CJB - OFFICIAL WEBSITE","isPartOf":{"@id":"https:\/\/cjb-racing.de\/#website"},"datePublished":"2019-01-14T12:33:54+00:00","dateModified":"2020-06-16T10:06:03+00:00","breadcrumb":{"@id":"https:\/\/cjb-racing.de\/en\/automobilsport\/#breadcrumb"},"inLanguage":"en-US","potentialAction":[{"@type":"ReadAction","target":["https:\/\/cjb-racing.de\/en\/automobilsport\/"]}]},{"@type":"BreadcrumbList","@id":"https:\/\/cjb-racing.de\/en\/automobilsport\/#breadcrumb","itemListElement":[{"@type":"ListItem","position":1,"name":"Startseite","item":"https:\/\/cjb-racing.de\/en\/"},{"@type":"ListItem","position":2,"name":"Automobilsport"}]},{"@type":"WebSite","@id":"https:\/\/cjb-racing.de\/#website","url":"https:\/\/cjb-racing.de\/","name":"COLIN JAMIE B\u00d6NIGHAUSEN - OFFICIAL WEBSEITE","description":"PORSCHE MOTORSPORT","publisher":{"@id":"https:\/\/cjb-racing.de\/#organization"},"potentialAction":[{"@type":"SearchAction","target":{"@type":"EntryPoint","urlTemplate":"https:\/\/cjb-racing.de\/?s={search_term_string}"},"query-input":{"@type":"PropertyValueSpecification","valueRequired":true,"valueName":"search_term_string"}}],"inLanguage":"en-US"},{"@type":"Organization","@id":"https:\/\/cjb-racing.de\/#organization","name":"https:\/\/cjb-racing.de","url":"https:\/\/cjb-racing.de\/","logo":{"@type":"ImageObject","inLanguage":"en-US","@id":"https:\/\/cjb-racing.de\/#\/schema\/logo\/image\/","url":"https:\/\/cjb-racing.de\/wp-content\/uploads\/2020\/06\/sticky.png","contentUrl":"https:\/\/cjb-racing.de\/wp-content\/uploads\/2020\/06\/sticky.png","width":80,"height":59,"caption":"https:\/\/cjb-racing.de"},"image":{"@id":"https:\/\/cjb-racing.de\/#\/schema\/logo\/image\/"},"sameAs":["https:\/\/www.facebook.com\/ColinBoenighausen"]}]}},"_links":{"self":[{"href":"https:\/\/cjb-racing.de\/en\/wp-json\/wp\/v2\/pages\/2316","targetHints":{"allow":["GET"]}}],"collection":[{"href":"https:\/\/cjb-racing.de\/en\/wp-json\/wp\/v2\/pages"}],"about":[{"href":"https:\/\/cjb-racing.de\/en\/wp-json\/wp\/v2\/types\/page"}],"author":[{"embeddable":true,"href":"https:\/\/cjb-racing.de\/en\/wp-json\/wp\/v2\/users\/101019"}],"replies":[{"embeddable":true,"href":"https:\/\/cjb-racing.de\/en\/wp-json\/wp\/v2\/comments?post=2316"}],"version-history":[{"count":4,"href":"https:\/\/cjb-racing.de\/en\/wp-json\/wp\/v2\/pages\/2316\/revisions"}],"predecessor-version":[{"id":3371,"href":"https:\/\/cjb-racing.de\/en\/wp-json\/wp\/v2\/pages\/2316\/revisions\/3371"}],"wp:attachment":[{"href":"https:\/\/cjb-racing.de\/en\/wp-json\/wp\/v2\/media?parent=2316"}],"curies":[{"name":"wp","href":"https:\/\/api.w.org\/{rel}","templated":true}]}}